{"id":1228,"date":"2021-04-24T00:30:27","date_gmt":"2021-04-23T22:30:27","guid":{"rendered":"https:\/\/mediadrone.fr\/?page_id=1228"},"modified":"2021-09-18T18:59:30","modified_gmt":"2021-09-18T16:59:30","slug":"presentation-thermique","status":"publish","type":"page","link":"https:\/\/mediadrone.fr\/?page_id=1228","title":{"rendered":"PRESENTATION THERMIQUE"},"content":{"rendered":"\t\t<div data-elementor-type=\"wp-page\" data-elementor-id=\"1228\" class=\"elementor elementor-1228\">\n\t\t\t\t\t\t<section class=\"elementor-section elementor-top-section elementor-element elementor-element-4b7daf3d elementor-section-boxed elementor-section-height-default elementor-section-height-default\" data-id=\"4b7daf3d\" data-element_type=\"section\" data-e-type=\"section\" data-settings=\"{&quot;background_background&quot;:&quot;classic&quot;}\">\n\t\t\t\t\t\t<div class=\"elementor-container elementor-column-gap-default\">\n\t\t\t\t\t<div class=\"elementor-column elementor-col-100 elementor-top-column elementor-element elementor-element-2ec7536f\" data-id=\"2ec7536f\" data-element_type=\"column\" data-e-type=\"column\">\n\t\t\t<div class=\"elementor-widget-wrap elementor-element-populated\">\n\t\t\t\t\t\t<div class=\"elementor-element elementor-element-b8321f0 elementor-widget__width-initial elementor-fixed elementor-invisible elementor-widget elementor-widget-image\" data-id=\"b8321f0\" data-element_type=\"widget\" data-e-type=\"widget\" data-settings=\"{&quot;_animation&quot;:&quot;rotateInDownLeft&quot;,&quot;_position&quot;:&quot;fixed&quot;}\" data-widget_type=\"image.default\">\n\t\t\t\t<div class=\"elementor-widget-container\">\n\t\t\t\t\t\t\t\t\t\t\t\t\t\t\t<img decoding=\"async\" width=\"300\" height=\"117\" src=\"https:\/\/mediadrone.fr\/wp-content\/uploads\/2021\/09\/DJI-Mavic-2-Enterprise-300x117.jpeg\" class=\"attachment-medium size-medium wp-image-1488\" alt=\"\" srcset=\"https:\/\/mediadrone.fr\/wp-content\/uploads\/2021\/09\/DJI-Mavic-2-Enterprise-300x117.jpeg 300w, https:\/\/mediadrone.fr\/wp-content\/uploads\/2021\/09\/DJI-Mavic-2-Enterprise-768x299.jpeg 768w, https:\/\/mediadrone.fr\/wp-content\/uploads\/2021\/09\/DJI-Mavic-2-Enterprise.jpeg 972w\" sizes=\"(max-width: 300px) 100vw, 300px\" \/>\t\t\t\t\t\t\t\t\t\t\t\t\t\t\t<\/div>\n\t\t\t\t<\/div>\n\t\t\t\t<div class=\"elementor-element elementor-element-b825c06 elementor-widget elementor-widget-heading\" data-id=\"b825c06\" data-element_type=\"widget\" data-e-type=\"widget\" data-widget_type=\"heading.default\">\n\t\t\t\t<div class=\"elementor-widget-container\">\n\t\t\t\t\t<h1 class=\"elementor-heading-title elementor-size-large\">MEDIADRONE  THERMIQUE<\/h1>\t\t\t\t<\/div>\n\t\t\t\t<\/div>\n\t\t\t\t<div class=\"elementor-element elementor-element-4941261a elementor-invisible elementor-widget elementor-widget-text-editor\" data-id=\"4941261a\" data-element_type=\"widget\" data-e-type=\"widget\" data-settings=\"{&quot;_animation&quot;:&quot;rollIn&quot;}\" data-widget_type=\"text-editor.default\">\n\t\t\t\t<div class=\"elementor-widget-container\">\n\t\t\t\t\t\t\t\t\t<h2><span style=\"color: #ffff00;\"><strong>PRESENTATION THERMIQUE\u00a0 MEDIADRONE<\/strong><\/span><\/h2><div id=\"s3gt_translate_tooltip_mini\" class=\"s3gt_translate_tooltip_mini_box\" style=\"background: initial !important; border: initial !important; border-radius: initial !important; border-spacing: initial !important; border-collapse: initial !important; direction: ltr !important; flex-direction: initial !important; font-weight: initial !important; height: initial !important; letter-spacing: initial !important; min-width: initial !important; max-width: initial !important; min-height: initial !important; max-height: initial !important; margin: auto !important; outline: initial !important; padding: initial !important; position: absolute; table-layout: initial !important; text-align: initial !important; text-shadow: initial !important; width: initial !important; word-break: initial !important; word-spacing: initial !important; overflow-wrap: initial !important; box-sizing: initial !important; display: initial !important; color: inherit !important; font-size: 13px !important; font-family: X-LocaleSpecific, sans-serif, Tahoma, Helvetica !important; line-height: 13px !important; vertical-align: top !important; white-space: inherit !important; left: 14px; top: 35px; opacity: 0.7;\"><div id=\"s3gt_translate_tooltip_mini_logo\" class=\"s3gt_translate_tooltip_mini\" title=\"Traduire le texte s\u00e9lectionn\u00e9\">\u00a0<\/div><div id=\"s3gt_translate_tooltip_mini_sound\" class=\"s3gt_translate_tooltip_mini\" title=\"Lecture\">\u00a0<\/div><div id=\"s3gt_translate_tooltip_mini_copy\" class=\"s3gt_translate_tooltip_mini\" title=\"Copier le texte dans le presse-papiers\">\u00a0<\/div><\/div><div id=\"s3gt_translate_tooltip_mini\" class=\"s3gt_translate_tooltip_mini_box\" style=\"background: initial !important; border: initial !important; border-radius: initial !important; border-spacing: initial !important; border-collapse: initial !important; direction: ltr !important; flex-direction: initial !important; font-weight: initial !important; height: initial !important; letter-spacing: initial !important; min-width: initial !important; max-width: initial !important; min-height: initial !important; max-height: initial !important; margin: auto !important; outline: initial !important; padding: initial !important; position: absolute; table-layout: initial !important; text-align: initial !important; text-shadow: initial !important; width: initial !important; word-break: initial !important; word-spacing: initial !important; overflow-wrap: initial !important; box-sizing: initial !important; display: initial !important; color: inherit !important; font-size: 13px !important; font-family: X-LocaleSpecific, sans-serif, Tahoma, Helvetica !important; line-height: 13px !important; vertical-align: top !important; white-space: inherit !important; left: 40px; top: 145px; opacity: 0.8;\"><div id=\"s3gt_translate_tooltip_mini_logo\" class=\"s3gt_translate_tooltip_mini\" title=\"Traduire le texte s\u00e9lectionn\u00e9\">\u00a0<\/div><div id=\"s3gt_translate_tooltip_mini_sound\" class=\"s3gt_translate_tooltip_mini\" title=\"Lecture\">\u00a0<\/div><div id=\"s3gt_translate_tooltip_mini_copy\" class=\"s3gt_translate_tooltip_mini\" title=\"Copier le texte dans le presse-papiers\">\u00a0<\/div><\/div>\t\t\t\t\t\t\t\t<\/div>\n\t\t\t\t<\/div>\n\t\t\t\t<div class=\"elementor-element elementor-element-e608d86 elementor-widget-divider--view-line elementor-widget elementor-widget-divider\" data-id=\"e608d86\" data-element_type=\"widget\" data-e-type=\"widget\" data-widget_type=\"divider.default\">\n\t\t\t\t<div class=\"elementor-widget-container\">\n\t\t\t\t\t\t\t<div class=\"elementor-divider\">\n\t\t\t<span class=\"elementor-divider-separator\">\n\t\t\t\t\t\t<\/span>\n\t\t<\/div>\n\t\t\t\t\t\t<\/div>\n\t\t\t\t<\/div>\n\t\t\t\t<div class=\"elementor-element elementor-element-7582956 elementor-widget elementor-widget-text-editor\" data-id=\"7582956\" data-element_type=\"widget\" data-e-type=\"widget\" data-widget_type=\"text-editor.default\">\n\t\t\t\t<div class=\"elementor-widget-container\">\n\t\t\t\t\t\t\t\t\t<p><span style=\"color: #ffffff;\"><strong><span style=\"font-family: inherit, serif;\">Les prestations sont donn\u00e9s \u00e0 titre indicatif et repr\u00e9sentent une moyenne pratiqu\u00e9e par l\u2019ensemble des op\u00e9rateurs fran\u00e7ais du drone civil, ainsi que les diff\u00e9rentes professions de l\u2019audiovisuel et du web pour la partie Post-Production et Web\/Impression.<\/span><\/strong><\/span><\/p><p style=\"margin-bottom: 11.25pt; line-height: 19.2pt; vertical-align: baseline;\"><span style=\"color: #ff0000;\"><span style=\"font-family: roboto, serif; background: white;\">Pour r\u00e9aliser ces prestations, nos pilotes sont d\u00e9clar\u00e9s \u00e0 la\u00a0<\/span><a style=\"box-sizing: border-box; color: #ff0000; text-decoration: var(--link-decoration); transition: all 240ms ease 0s; font-variant-ligatures: normal; font-variant-caps: normal; orphans: 2; text-align: start; widows: 2; -webkit-text-stroke-width: 0px; word-spacing: 0px;\" title=\"Direction g\u00e9n\u00e9rale de l'aviation civile\" href=\"https:\/\/www.drone-malin.com\/pages\/reglementation\/direction-generale-de-l-aviation-civile-et-les-drones\/\"><span style=\"font-family: 'roboto',serif; background: white;\">DGAC<\/span><\/a><span style=\"font-family: roboto, serif; background: white;\"><span style=\"font-variant-ligatures: normal; font-variant-caps: normal; orphans: 2; text-align: start; widows: 2; -webkit-text-stroke-width: 0px; float: none; word-spacing: 0px;\">\u00a0et disposes des qualifications obligatoires et n\u00e9cessaires pour obtenir les autorisations de vols et de prises de vues a\u00e9riennes avec un drone, d\u00e9livr\u00e9es par les pr\u00e9fectures.\u00a0<\/span><\/span><\/span><\/p>\t\t\t\t\t\t\t\t<\/div>\n\t\t\t\t<\/div>\n\t\t\t\t<div class=\"elementor-element elementor-element-3ef98b5e elementor-widget elementor-widget-video\" data-id=\"3ef98b5e\" data-element_type=\"widget\" data-e-type=\"widget\" data-settings=\"{&quot;show_image_overlay&quot;:&quot;yes&quot;,&quot;image_overlay&quot;:{&quot;url&quot;:&quot;https:\\\/\\\/mediadrone.fr\\\/wp-content\\\/uploads\\\/2021\\\/04\\\/autel-robotics-evoii-dual-drone-thermal-imaging-pic-autelpilot_1024x1024-1.jpg&quot;,&quot;id&quot;:1184,&quot;size&quot;:&quot;&quot;},&quot;autoplay&quot;:&quot;no&quot;,&quot;youtube_url&quot;:&quot;https:\\\/\\\/youtu.be\\\/KfLGmMvv-ro&quot;,&quot;loop&quot;:&quot;yes&quot;,&quot;video_type&quot;:&quot;youtube&quot;,&quot;controls&quot;:&quot;yes&quot;}\" data-widget_type=\"video.default\">\n\t\t\t\t<div class=\"elementor-widget-container\">\n\t\t\t\t\t\t\t<div class=\"elementor-wrapper elementor-open-inline\">\n\t\t\t<div class=\"elementor-video\"><\/div>\t\t\t\t<div class=\"elementor-custom-embed-image-overlay\" style=\"background-image: url(https:\/\/mediadrone.fr\/wp-content\/uploads\/2021\/04\/autel-robotics-evoii-dual-drone-thermal-imaging-pic-autelpilot_1024x1024-1-300x178.jpg);\">\n\t\t\t\t\t\t\t\t\t\t\t\t\t\t\t\t<div class=\"elementor-custom-embed-play\" role=\"button\" aria-label=\"Lire la vid\u00e9o\" tabindex=\"0\">\n\t\t\t\t\t\t\t<i aria-hidden=\"true\" class=\"eicon-play\"><\/i>\t\t\t\t\t\t<\/div>\n\t\t\t\t\t\t\t\t\t<\/div>\n\t\t\t\t\t<\/div>\n\t\t\t\t\t\t<\/div>\n\t\t\t\t<\/div>\n\t\t\t\t\t<\/div>\n\t\t<\/div>\n\t\t\t\t\t<\/div>\n\t\t<\/section>\n\t\t\t\t<section class=\"elementor-section elementor-top-section elementor-element elementor-element-57f82667 elementor-section-boxed elementor-section-height-default elementor-section-height-default\" data-id=\"57f82667\" data-element_type=\"section\" data-e-type=\"section\" data-settings=\"{&quot;background_background&quot;:&quot;classic&quot;}\">\n\t\t\t\t\t\t<div class=\"elementor-container elementor-column-gap-default\">\n\t\t\t\t\t<div class=\"elementor-column elementor-col-100 elementor-top-column elementor-element elementor-element-485b83ef\" data-id=\"485b83ef\" data-element_type=\"column\" data-e-type=\"column\">\n\t\t\t<div class=\"elementor-widget-wrap elementor-element-populated\">\n\t\t\t\t\t\t<div class=\"elementor-element elementor-element-41ad4d11 elementor-view-default elementor-widget elementor-widget-icon\" data-id=\"41ad4d11\" data-element_type=\"widget\" data-e-type=\"widget\" data-widget_type=\"icon.default\">\n\t\t\t\t<div class=\"elementor-widget-container\">\n\t\t\t\t\t\t\t<div class=\"elementor-icon-wrapper\">\n\t\t\t<div class=\"elementor-icon\">\n\t\t\t<i aria-hidden=\"true\" class=\"fas fa-check-circle\"><\/i>\t\t\t<\/div>\n\t\t<\/div>\n\t\t\t\t\t\t<\/div>\n\t\t\t\t<\/div>\n\t\t\t\t\t<\/div>\n\t\t<\/div>\n\t\t\t\t\t<\/div>\n\t\t<\/section>\n\t\t\t\t<section class=\"elementor-section elementor-top-section elementor-element elementor-element-3831da5c elementor-section-content-middle elementor-section-boxed elementor-section-height-default elementor-section-height-default\" data-id=\"3831da5c\" data-element_type=\"section\" data-e-type=\"section\">\n\t\t\t\t\t\t<div class=\"elementor-container elementor-column-gap-default\">\n\t\t\t\t\t<div class=\"elementor-column elementor-col-50 elementor-top-column elementor-element elementor-element-2f528fd5\" data-id=\"2f528fd5\" data-element_type=\"column\" data-e-type=\"column\">\n\t\t\t<div class=\"elementor-widget-wrap elementor-element-populated\">\n\t\t\t\t\t\t<div class=\"elementor-element elementor-element-14506f1a elementor-widget elementor-widget-heading\" data-id=\"14506f1a\" data-element_type=\"widget\" data-e-type=\"widget\" data-widget_type=\"heading.default\">\n\t\t\t\t<div class=\"elementor-widget-container\">\n\t\t\t\t\t<h3 class=\"elementor-heading-title elementor-size-large\">VUE AERIENE<\/h3>\t\t\t\t<\/div>\n\t\t\t\t<\/div>\n\t\t\t\t<div class=\"elementor-element elementor-element-7f50b010 elementor-widget elementor-widget-text-editor\" data-id=\"7f50b010\" data-element_type=\"widget\" data-e-type=\"widget\" data-widget_type=\"text-editor.default\">\n\t\t\t\t<div class=\"elementor-widget-container\">\n\t\t\t\t\t\t\t\t\t<p><span style=\"color: #000080;\">la thermographie par drone pour r\u00e9aliser des images a\u00e9riennes infrarouge et visualiser les d\u00e9perditions thermiques, pour contr\u00f4ler, l&rsquo;isolation d&rsquo;une habitation, des panneaux solaires ou rechercher des personnes disparues.les etudes btp.<\/span><\/p>\t\t\t\t\t\t\t\t<\/div>\n\t\t\t\t<\/div>\n\t\t\t\t\t<\/div>\n\t\t<\/div>\n\t\t\t\t<div class=\"elementor-column elementor-col-50 elementor-top-column elementor-element elementor-element-9784f72\" data-id=\"9784f72\" data-element_type=\"column\" data-e-type=\"column\">\n\t\t\t<div class=\"elementor-widget-wrap elementor-element-populated\">\n\t\t\t\t\t\t<div class=\"elementor-element elementor-element-220c565e elementor-widget elementor-widget-image\" data-id=\"220c565e\" data-element_type=\"widget\" data-e-type=\"widget\" data-widget_type=\"image.default\">\n\t\t\t\t<div class=\"elementor-widget-container\">\n\t\t\t\t\t\t\t\t\t\t\t\t\t\t\t<img fetchpriority=\"high\" decoding=\"async\" width=\"856\" height=\"598\" src=\"https:\/\/mediadrone.fr\/wp-content\/uploads\/2021\/04\/Opera-Instantane_2021-04-23_225926_www.ecamsecure.com_.png\" class=\"attachment-full size-full wp-image-1185\" alt=\"\" srcset=\"https:\/\/mediadrone.fr\/wp-content\/uploads\/2021\/04\/Opera-Instantane_2021-04-23_225926_www.ecamsecure.com_.png 856w, https:\/\/mediadrone.fr\/wp-content\/uploads\/2021\/04\/Opera-Instantane_2021-04-23_225926_www.ecamsecure.com_-300x210.png 300w, https:\/\/mediadrone.fr\/wp-content\/uploads\/2021\/04\/Opera-Instantane_2021-04-23_225926_www.ecamsecure.com_-768x537.png 768w, https:\/\/mediadrone.fr\/wp-content\/uploads\/2021\/04\/Opera-Instantane_2021-04-23_225926_www.ecamsecure.com_-600x419.png 600w\" sizes=\"(max-width: 856px) 100vw, 856px\" \/>\t\t\t\t\t\t\t\t\t\t\t\t\t\t\t<\/div>\n\t\t\t\t<\/div>\n\t\t\t\t\t<\/div>\n\t\t<\/div>\n\t\t\t\t\t<\/div>\n\t\t<\/section>\n\t\t\t\t<section class=\"elementor-section elementor-top-section elementor-element elementor-element-9952275 elementor-section-content-middle elementor-reverse-mobile elementor-section-boxed elementor-section-height-default elementor-section-height-default\" data-id=\"9952275\" data-element_type=\"section\" data-e-type=\"section\">\n\t\t\t\t\t\t<div class=\"elementor-container elementor-column-gap-default\">\n\t\t\t\t\t<div class=\"elementor-column elementor-col-50 elementor-top-column elementor-element elementor-element-1605d8ff\" data-id=\"1605d8ff\" data-element_type=\"column\" data-e-type=\"column\">\n\t\t\t<div class=\"elementor-widget-wrap elementor-element-populated\">\n\t\t\t\t\t\t<div class=\"elementor-element elementor-element-1885ec81 elementor-widget elementor-widget-image\" data-id=\"1885ec81\" data-element_type=\"widget\" data-e-type=\"widget\" data-widget_type=\"image.default\">\n\t\t\t\t<div class=\"elementor-widget-container\">\n\t\t\t\t\t\t\t\t\t\t\t\t\t\t\t<img decoding=\"async\" width=\"1024\" height=\"609\" src=\"https:\/\/mediadrone.fr\/wp-content\/uploads\/2021\/04\/autel-robotics-evoii-dual-drone-thermal-imaging-pic-autelpilot_1024x1024-1.jpg\" class=\"attachment-full size-full wp-image-1184\" alt=\"\" srcset=\"https:\/\/mediadrone.fr\/wp-content\/uploads\/2021\/04\/autel-robotics-evoii-dual-drone-thermal-imaging-pic-autelpilot_1024x1024-1.jpg 1024w, https:\/\/mediadrone.fr\/wp-content\/uploads\/2021\/04\/autel-robotics-evoii-dual-drone-thermal-imaging-pic-autelpilot_1024x1024-1-300x178.jpg 300w, https:\/\/mediadrone.fr\/wp-content\/uploads\/2021\/04\/autel-robotics-evoii-dual-drone-thermal-imaging-pic-autelpilot_1024x1024-1-768x457.jpg 768w, https:\/\/mediadrone.fr\/wp-content\/uploads\/2021\/04\/autel-robotics-evoii-dual-drone-thermal-imaging-pic-autelpilot_1024x1024-1-600x357.jpg 600w\" sizes=\"(max-width: 1024px) 100vw, 1024px\" \/>\t\t\t\t\t\t\t\t\t\t\t\t\t\t\t<\/div>\n\t\t\t\t<\/div>\n\t\t\t\t\t<\/div>\n\t\t<\/div>\n\t\t\t\t<div class=\"elementor-column elementor-col-50 elementor-top-column elementor-element elementor-element-3c89d6a4\" data-id=\"3c89d6a4\" data-element_type=\"column\" data-e-type=\"column\">\n\t\t\t<div class=\"elementor-widget-wrap elementor-element-populated\">\n\t\t\t\t\t\t<div class=\"elementor-element elementor-element-5591fc04 elementor-widget elementor-widget-heading\" data-id=\"5591fc04\" data-element_type=\"widget\" data-e-type=\"widget\" data-widget_type=\"heading.default\">\n\t\t\t\t<div class=\"elementor-widget-container\">\n\t\t\t\t\t<h3 class=\"elementor-heading-title elementor-size-large\"><h3 class=\"elementor-heading-title elementor-size-large elementor-inline-editing pen\" data-elementor-setting-key=\"title\" data-pen-placeholder=\"\u00c9crivez ici...\" style=\"font-weight: var( --e-global-typography-primary-font-weight );font-size: 30px\">VUE AERIENE<\/h3><\/h3>\t\t\t\t<\/div>\n\t\t\t\t<\/div>\n\t\t\t\t<div class=\"elementor-element elementor-element-65a66a7a elementor-widget elementor-widget-text-editor\" data-id=\"65a66a7a\" data-element_type=\"widget\" data-e-type=\"widget\" data-widget_type=\"text-editor.default\">\n\t\t\t\t<div class=\"elementor-widget-container\">\n\t\t\t\t\t\t\t\t\t<p><span style=\"color: #000080;\">la thermographie par drone pour r\u00e9aliser des images a\u00e9riennes infrarouge et visualiser les d\u00e9perditions thermiques, pour contr\u00f4ler, l&rsquo;isolation d&rsquo;une habitation, des panneaux solaires ou rechercher des personnes disparues.les etudes btp.<\/span><\/p><div id=\"s3gt_translate_tooltip_mini\" class=\"s3gt_translate_tooltip_mini_box\" style=\"background: initial !important; border: initial !important; border-radius: initial !important; border-spacing: initial !important; border-collapse: initial !important; direction: ltr !important; flex-direction: initial !important; font-weight: initial !important; height: initial !important; letter-spacing: initial !important; min-width: initial !important; max-width: initial !important; min-height: initial !important; max-height: initial !important; margin: auto !important; outline: initial !important; padding: initial !important; position: absolute; table-layout: initial !important; text-align: initial !important; text-shadow: initial !important; width: initial !important; word-break: initial !important; word-spacing: initial !important; overflow-wrap: initial !important; box-sizing: initial !important; display: initial !important; color: inherit !important; font-size: 13px !important; font-family: X-LocaleSpecific, sans-serif, Tahoma, Helvetica !important; line-height: 13px !important; vertical-align: top !important; white-space: inherit !important; left: 6px; top: 35px; opacity: 0.1;\"><div id=\"s3gt_translate_tooltip_mini_logo\" class=\"s3gt_translate_tooltip_mini\" title=\"Traduire le texte s\u00e9lectionn\u00e9\">\u00a0<\/div><div id=\"s3gt_translate_tooltip_mini_sound\" class=\"s3gt_translate_tooltip_mini\" title=\"Lecture\">\u00a0<\/div><div id=\"s3gt_translate_tooltip_mini_copy\" class=\"s3gt_translate_tooltip_mini\" title=\"Copier le texte dans le presse-papiers\">\u00a0<\/div><\/div>\t\t\t\t\t\t\t\t<\/div>\n\t\t\t\t<\/div>\n\t\t\t\t\t<\/div>\n\t\t<\/div>\n\t\t\t\t\t<\/div>\n\t\t<\/section>\n\t\t\t\t<section class=\"elementor-section elementor-top-section elementor-element elementor-element-df89528 elementor-section-content-middle elementor-section-boxed elementor-section-height-default elementor-section-height-default\" data-id=\"df89528\" data-element_type=\"section\" data-e-type=\"section\" data-settings=\"{&quot;background_background&quot;:&quot;classic&quot;}\">\n\t\t\t\t\t\t<div class=\"elementor-container elementor-column-gap-default\">\n\t\t\t\t\t<div class=\"elementor-column elementor-col-50 elementor-top-column elementor-element elementor-element-31224da7\" data-id=\"31224da7\" data-element_type=\"column\" data-e-type=\"column\">\n\t\t\t<div class=\"elementor-widget-wrap elementor-element-populated\">\n\t\t\t\t\t\t<div class=\"elementor-element elementor-element-25e2caec elementor-widget elementor-widget-heading\" data-id=\"25e2caec\" data-element_type=\"widget\" data-e-type=\"widget\" data-widget_type=\"heading.default\">\n\t\t\t\t<div class=\"elementor-widget-container\">\n\t\t\t\t\t<h3 class=\"elementor-heading-title elementor-size-large\">VUE AERIENE<\/h3>\t\t\t\t<\/div>\n\t\t\t\t<\/div>\n\t\t\t\t<div class=\"elementor-element elementor-element-796f14f2 elementor-widget elementor-widget-text-editor\" data-id=\"796f14f2\" data-element_type=\"widget\" data-e-type=\"widget\" data-widget_type=\"text-editor.default\">\n\t\t\t\t<div class=\"elementor-widget-container\">\n\t\t\t\t\t\t\t\t\t<p><span style=\"color: #000080;\">la thermographie par drone pour r\u00e9aliser des images a\u00e9riennes infrarouge et visualiser les d\u00e9perditions thermiques, pour contr\u00f4ler, l&rsquo;isolation d&rsquo;une habitation, des panneaux solaires ou rechercher des personnes disparues.les etudes btp.<\/span><\/p>\t\t\t\t\t\t\t\t<\/div>\n\t\t\t\t<\/div>\n\t\t\t\t\t<\/div>\n\t\t<\/div>\n\t\t\t\t<div class=\"elementor-column elementor-col-50 elementor-top-column elementor-element elementor-element-53c34674\" data-id=\"53c34674\" data-element_type=\"column\" data-e-type=\"column\">\n\t\t\t<div class=\"elementor-widget-wrap elementor-element-populated\">\n\t\t\t\t\t\t<div class=\"elementor-element elementor-element-5def6ac2 elementor-widget elementor-widget-image\" data-id=\"5def6ac2\" data-element_type=\"widget\" data-e-type=\"widget\" data-widget_type=\"image.default\">\n\t\t\t\t<div class=\"elementor-widget-container\">\n\t\t\t\t\t\t\t\t\t\t\t\t\t\t\t<img loading=\"lazy\" decoding=\"async\" width=\"800\" height=\"444\" src=\"https:\/\/mediadrone.fr\/wp-content\/uploads\/2021\/04\/Opera-Instantane_2021-04-23_225807_www.dronesglobe.com_.png\" class=\"attachment-full size-full wp-image-1260\" alt=\"\" srcset=\"https:\/\/mediadrone.fr\/wp-content\/uploads\/2021\/04\/Opera-Instantane_2021-04-23_225807_www.dronesglobe.com_.png 800w, https:\/\/mediadrone.fr\/wp-content\/uploads\/2021\/04\/Opera-Instantane_2021-04-23_225807_www.dronesglobe.com_-300x167.png 300w, https:\/\/mediadrone.fr\/wp-content\/uploads\/2021\/04\/Opera-Instantane_2021-04-23_225807_www.dronesglobe.com_-768x426.png 768w, https:\/\/mediadrone.fr\/wp-content\/uploads\/2021\/04\/Opera-Instantane_2021-04-23_225807_www.dronesglobe.com_-600x333.png 600w\" sizes=\"(max-width: 800px) 100vw, 800px\" \/>\t\t\t\t\t\t\t\t\t\t\t\t\t\t\t<\/div>\n\t\t\t\t<\/div>\n\t\t\t\t\t<\/div>\n\t\t<\/div>\n\t\t\t\t\t<\/div>\n\t\t<\/section>\n\t\t\t\t<\/div>\n\t\t","protected":false},"excerpt":{"rendered":"<p>MEDIADRONE THERMIQUE PRESENTATION THERMIQUE\u00a0 MEDIADRONE \u00a0\u00a0\u00a0\u00a0\u00a0\u00a0 Les prestations sont donn\u00e9s \u00e0 titre indicatif et repr\u00e9sentent une moyenne pratiqu\u00e9e par l\u2019ensemble des op\u00e9rateurs fran\u00e7ais du drone civil, ainsi que les diff\u00e9rentes professions de l\u2019audiovisuel et du web pour la partie Post-Production et Web\/Impression. Pour r\u00e9aliser ces prestations, nos pilotes sont d\u00e9clar\u00e9s \u00e0 la\u00a0DGAC\u00a0et disposes des qualifications [&hellip;]<\/p>\n","protected":false},"author":1,"featured_media":0,"parent":1132,"menu_order":0,"comment_status":"closed","ping_status":"closed","template":"elementor_theme","meta":{"footnotes":""},"class_list":["post-1228","page","type-page","status-publish","hentry"],"_links":{"self":[{"href":"https:\/\/mediadrone.fr\/index.php?rest_route=\/wp\/v2\/pages\/1228","targetHints":{"allow":["GET"]}}],"collection":[{"href":"https:\/\/mediadrone.fr\/index.php?rest_route=\/wp\/v2\/pages"}],"about":[{"href":"https:\/\/mediadrone.fr\/index.php?rest_route=\/wp\/v2\/types\/page"}],"author":[{"embeddable":true,"href":"https:\/\/mediadrone.fr\/index.php?rest_route=\/wp\/v2\/users\/1"}],"replies":[{"embeddable":true,"href":"https:\/\/mediadrone.fr\/index.php?rest_route=%2Fwp%2Fv2%2Fcomments&post=1228"}],"version-history":[{"count":50,"href":"https:\/\/mediadrone.fr\/index.php?rest_route=\/wp\/v2\/pages\/1228\/revisions"}],"predecessor-version":[{"id":1507,"href":"https:\/\/mediadrone.fr\/index.php?rest_route=\/wp\/v2\/pages\/1228\/revisions\/1507"}],"up":[{"embeddable":true,"href":"https:\/\/mediadrone.fr\/index.php?rest_route=\/wp\/v2\/pages\/1132"}],"wp:attachment":[{"href":"https:\/\/mediadrone.fr\/index.php?rest_route=%2Fwp%2Fv2%2Fmedia&parent=1228"}],"curies":[{"name":"wp","href":"https:\/\/api.w.org\/{rel}","templated":true}]}}